{"id":976,"date":"2017-10-31T03:38:35","date_gmt":"2017-10-31T03:38:35","guid":{"rendered":"https:\/\/hedrich.net\/start\/?page_id=976"},"modified":"2021-11-04T17:00:22","modified_gmt":"2021-11-04T10:00:22","slug":"portfolio-slide","status":"publish","type":"page","link":"https:\/\/hedrich.net\/start\/","title":{"rendered":"Start"},"content":{"rendered":"<p>[vc_row lg_spacing=&#187;padding_top:100;padding_bottom:40&#8243;][vc_column width=&#187;2\/3&#8243;][tm_heading style=&#187;typed-text&#187; tag=&#187;h2&#8243; custom_google_font=&#187;&#187; text_color=&#187;secondary_color&#187; text=&#187;Hedrich &#8211; Hamburger Qualit\u00e4t seit 1947!&#187; typed_list=&#187;%5B%7B%7D%5D&#187; font_size=&#187;lg:20&#8243; line_height=&#187;1&#8243; css=&#187;.vc_custom_1630918406182{padding-bottom: 22px !important;}&#187;][vc_column_text]<strong>Die Hans Hedrich GmbH ist als inhabergef\u00fchrtes Unternehmen in der dritten Generation erfolgreich auf dem Markt t\u00e4tig und hat \u00fcber diese Zeit gro\u00dfe Erfahrungen besonders im Bereich Stanztechnik und Werkzeugbau gesammelt.<\/strong>[\/vc_column_text][\/vc_column][vc_column width=&#187;1\/3&#8243;][vc_row_inner][vc_column_inner][\/vc_column_inner][\/vc_row_inner][\/vc_column][\/vc_row][vc_row full_width=&#187;stretch_row&#187; lg_spacing=&#187;padding_top:40;padding_bottom:130&#8243;][vc_column width=&#187;1\/4&#8243;][tm_box_icon feature=&#187;image&#187; type=&#187;pe7stroke&#187; icon_pe7stroke=&#187;pe-7s-home&#187; heading=&#187;STANZTECHNIK&#187; text=&#187;Wir sind in der Lage mit bis zu 100t Presskraft und bis zu 150 H\u00fcben\/Minute zu fertigen.&#187; max_width=&#187;247px&#187; image=&#187;1622&#8243;][\/vc_column][vc_column width=&#187;1\/4&#8243;][tm_box_icon feature=&#187;image&#187; type=&#187;pe7stroke&#187; icon_pe7stroke=&#187;pe-7s-paint&#187; heading=&#187;WERKZEUGBAU&#187; text=&#187;Zum Aufgabengebiet unserer erfahrenen Werkzeugmacher geh\u00f6rt sowohl der Bau als auch die Wartung und Instandsetzung von Stanz- und Folgeverbundwerkzeugen.&#187; max_width=&#187;247px&#187; image=&#187;1623&#8243;][\/vc_column][vc_column width=&#187;1\/4&#8243;][tm_box_icon feature=&#187;image&#187; type=&#187;pe7stroke&#187; icon_pe7stroke=&#187;pe-7s-home&#187; heading=&#187;METALLS\u00c4GEN&#187; text=&#187;Unsere Metalls\u00e4gerei besteht aus Kreis- und Bands\u00e4geautomaten.&#187; max_width=&#187;247px&#187; image=&#187;1624&#8243;][\/vc_column][vc_column width=&#187;1\/4&#8243;][tm_box_icon feature=&#187;image&#187; type=&#187;pe7stroke&#187; icon_pe7stroke=&#187;pe-7s-paint&#187; heading=&#187;NACHBEARBEITUNG&#187; text=&#187;Richten von Stanz- und Laserteilen, planieren von Stanz- und Laserteilen.&#187; max_width=&#187;247px&#187; image=&#187;1625&#8243;][\/vc_column][\/vc_row][vc_row full_width=&#187;stretch_row&#187; background_attachment=&#187;fixed&#187; overlay_background=&#187;primary&#187; overlay_opacity=&#187;40&#8243; lg_spacing=&#187;padding_bottom:90&#8243; background_image=&#187;1934&#8243; el_class=&#187;text-align-xs-center&#187;][vc_column][tm_heading custom_google_font=&#187;&#187; align=&#187;center&#187; text_color=&#187;custom_color&#187; custom_text_color=&#187;#ffffff&#187; animation=&#187;move-up&#187; text=&#187;Die Umwelt liegt uns am Herzen<br \/>\nWir beziehen zu 100% \u00d6kostrom!&#187; typed_list=&#187;%5B%7B%7D%5D&#187; font_size=&#187;lg:36&#8243; max_width=&#187;610px&#187; line_height=&#187;1.2&#8243; css=&#187;.vc_custom_1634813870663{padding-top: 90px !important;}&#187;][vc_empty_space height=&#187;52px&#187;][tm_button size=&#187;lg&#187; button=&#187;url:https%3A%2F%2Fhedrich.net%2Fstart%2Fumwelt%2F|title:Mehr&#187; align=&#187;center&#187; icon_align=&#187;left&#187; icon=&#187;fas fa-leaf&#187;][\/vc_column][\/vc_row][vc_row full_width=&#187;stretch_row&#187; background_color=&#187;custom_color&#187; lg_spacing=&#187;padding_top:100;padding_bottom:100&#8243; custom_background_color=&#187;#f3f4fa&#187;][vc_column][tm_heading custom_google_font=&#187;&#187; align=&#187;center&#187; text_color=&#187;secondary_color&#187; text=&#187;Unsere St\u00e4rken&#187; typed_list=&#187;%5B%7B%7D%5D&#187; font_size=&#187;lg:20&#8243;][tm_heading custom_google_font=&#187;&#187; align=&#187;center&#187; text=&#187;Was f\u00fcr uns spricht&#187; typed_list=&#187;%5B%7B%7D%5D&#187; font_size=&#187;lg:36&#8243; css=&#187;.vc_custom_1636016664059{margin-top: 15px !important;margin-bottom: 50px !important;}&#187;][tm_testimonial number=&#187;9&#8243; nav=&#187;1&#8243; carousel_gutter=&#187;30&#8243; carousel_items_display=&#187;xs:1;sm:2;md:3;lg:3&#8243;][\/vc_column][\/vc_row]<\/p>\n","protected":false},"excerpt":{"rendered":"[vc_row lg_spacing=&#187;padding_top:100;padding_bottom:40&#8243;][vc_column width=&#187;2\/3&#8243;][tm_heading style=&#187;typed-text&#187; tag=&#187;h2&#8243; custom_google_font=&#187;&#187; text_color=&#187;secondary_color&#187; text=&#187;Hedrich &#8211; Hamburger Qualit\u00e4t seit 1947!&#187; typed_list=&#187;%5B%7B%7D%5D&#187; font_size=&#187;lg:20&#8243; line_height=&#187;1&#8243; css=&#187;.vc_custom_1630918406182{padding-bottom: 22px !important;}&#187;][vc_column_text]Die Hans Hedrich GmbH ist als inhabergef\u00fchrtes Unternehmen in der dritten Generation erfolgreich auf dem Markt t\u00e4tig und hat \u00fcber diese Zeit gro\u00dfe Erfahrungen besonders im Bereich Stanztechnik und Werkzeugbau gesammelt.[\/vc_column_text][\/vc_column][vc_column width=&#187;1\/3&#8243;][vc_row_inner][vc_column_inner][\/vc_column_inner][\/vc_row_inner][\/vc_column][\/vc_row][vc_row full_width=&#187;stretch_row&#187; lg_spacing=&#187;padding_top:40;padding_bottom:130&#8243;][vc_column width=&#187;1\/4&#8243;][tm_box_icon feature=&#187;image&#187; type=&#187;pe7stroke&#187; icon_pe7stroke=&#187;pe-7s-home&#187; heading=&#187;STANZTECHNIK&#187; text=&#187;Wir sind in der Lage mit bis zu 100t Presskraft und bis zu 150 H\u00fcben\/Minute zu fertigen.&#187; max_width=&#187;247px&#187; image=&#187;1622&#8243;][\/vc_column][vc_column width=&#187;1\/4&#8243;][tm_box_icon feature=&#187;image&#187; type=&#187;pe7stroke&#187; icon_pe7stroke=&#187;pe-7s-paint&#187; heading=&#187;WERKZEUGBAU&#187; text=&#187;Zum Aufgabengebiet unserer erfahrenen Werkzeugmacher geh\u00f6rt sowohl der Bau als auch die Wartung und Instandsetzung von Stanz- und Folgeverbundwerkzeugen.&#187; max_width=&#187;247px&#187; image=&#187;1623&#8243;][\/vc_column][vc_column width=&#187;1\/4&#8243;][tm_box_icon feature=&#187;image&#187; type=&#187;pe7stroke&#187; icon_pe7stroke=&#187;pe-7s-home&#187; heading=&#187;METALLS\u00c4GEN&#187; text=&#187;Unsere Metalls\u00e4gerei besteht aus Kreis- und Bands\u00e4geautomaten.&#187; max_width=&#187;247px&#187; image=&#187;1624&#8243;][\/vc_column][vc_column width=&#187;1\/4&#8243;][tm_box_icon feature=&#187;image&#187; type=&#187;pe7stroke&#187; icon_pe7stroke=&#187;pe-7s-paint&#187; heading=&#187;NACHBEARBEITUNG&#187; text=&#187;Richten von Stanz- und Laserteilen, planieren von Stanz- und Laserteilen.&#187; max_width=&#187;247px&#187; image=&#187;1625&#8243;][\/vc_column][\/vc_row][vc_row full_width=&#187;stretch_row&#187; background_attachment=&#187;fixed&#187; overlay_background=&#187;primary&#187; overlay_opacity=&#187;40&#8243; lg_spacing=&#187;padding_bottom:90&#8243; background_image=&#187;1934&#8243; el_class=&#187;text-align-xs-center&#187;][vc_column][tm_heading custom_google_font=&#187;&#187; align=&#187;center&#187; text_color=&#187;custom_color&#187; custom_text_color=&#187;#ffffff&#187; animation=&#187;move-up&#187; text=&#187;Die Umwelt liegt uns am Herzen Wir beziehen zu 100% \u00d6kostrom!&#187; typed_list=&#187;%5B%7B%7D%5D&#187; font_size=&#187;lg:36&#8243; max_width=&#187;610px&#187; line_height=&#187;1.2&#8243; css=&#187;.vc_custom_1634813870663{padding-top: 90px !important;}&#187;][vc_empty_space height=&#187;52px&#187;][tm_button size=&#187;lg&#187; button=&#187;url:https%3A%2F%2Fhedrich.net%2Fstart%2Fumwelt%2F|title:Mehr&#187; align=&#187;center&#187; icon_align=&#187;left&#187; icon=&#187;fas fa-leaf&#187;][\/vc_column][\/vc_row][vc_row full_width=&#187;stretch_row&#187; background_color=&#187;custom_color&#187; lg_spacing=&#187;padding_top:100;padding_bottom:100&#8243; custom_background_color=&#187;#f3f4fa&#187;][vc_column][tm_heading custom_google_font=&#187;&#187; align=&#187;center&#187; text_color=&#187;secondary_color&#187; text=&#187;Unsere St\u00e4rken&#187; typed_list=&#187;%5B%7B%7D%5D&#187; font_size=&#187;lg:20&#8243;][tm_heading custom_google_font=&#187;&#187; align=&#187;center&#187; text=&#187;Was f\u00fcr uns spricht&#187; typed_list=&#187;%5B%7B%7D%5D&#187; font_size=&#187;lg:36&#8243; css=&#187;.vc_custom_1636016664059{margin-top: 15px !important;margin-bottom: 50px !important;}&#187;][tm_testimonial number=&#187;9&#8243; nav=&#187;1&#8243; carousel_gutter=&#187;30&#8243; carousel_items_display=&#187;xs:1;sm:2;md:3;lg:3&#8243;][\/vc_column][\/vc_row]","protected":false},"author":4,"featured_media":0,"parent":0,"menu_order":0,"comment_status":"closed","ping_status":"closed","template":"","meta":[],"_links":{"self":[{"href":"https:\/\/hedrich.net\/start\/wp-json\/wp\/v2\/pages\/976"}],"collection":[{"href":"https:\/\/hedrich.net\/start\/wp-json\/wp\/v2\/pages"}],"about":[{"href":"https:\/\/hedrich.net\/start\/wp-json\/wp\/v2\/types\/page"}],"author":[{"embeddable":true,"href":"https:\/\/hedrich.net\/start\/wp-json\/wp\/v2\/users\/4"}],"replies":[{"embeddable":true,"href":"https:\/\/hedrich.net\/start\/wp-json\/wp\/v2\/comments?post=976"}],"version-history":[{"count":59,"href":"https:\/\/hedrich.net\/start\/wp-json\/wp\/v2\/pages\/976\/revisions"}],"predecessor-version":[{"id":1881,"href":"https:\/\/hedrich.net\/start\/wp-json\/wp\/v2\/pages\/976\/revisions\/1881"}],"wp:attachment":[{"href":"https:\/\/hedrich.net\/start\/wp-json\/wp\/v2\/media?parent=976"}],"curies":[{"name":"wp","href":"https:\/\/api.w.org\/{rel}","templated":true}]}}