{"id":675,"date":"2017-10-17T08:55:22","date_gmt":"2017-10-17T08:55:22","guid":{"rendered":"https:\/\/hedrich.net\/start\/?page_id=675"},"modified":"2021-11-04T18:33:35","modified_gmt":"2021-11-04T11:33:35","slug":"werkzeugbau","status":"publish","type":"page","link":"https:\/\/hedrich.net\/start\/leistungen\/werkzeugbau\/","title":{"rendered":"Werkzeugbau"},"content":{"rendered":"<p>[vc_row lg_spacing=&#187;margin_bottom:35&#8243;][vc_column][tm_slider image_size=&#187;full&#187; nav=&#187;3&#8243; pagination=&#187;2&#8243; gutter=&#187;30&#8243; items_display=&#187;xs:1;sm:1;md:1;lg:1&#8243; items=&#187;%5B%7B%22image%22%3A%221773%22%2C%22link%22%3A%22Link%22%7D%2C%7B%22image%22%3A%221797%22%2C%22link%22%3A%22Link%22%7D%2C%7B%22image%22%3A%221799%22%2C%22link%22%3A%22Link%22%7D%2C%7B%22image%22%3A%221796%22%2C%22link%22%3A%22Link%22%7D%5D&#187;][\/vc_column][\/vc_row][vc_row lg_spacing=&#187;margin_bottom:50&#8243;][vc_column][tm_heading custom_google_font=&#187;&#187; text=&#187;Werkzeuge aus dem Hause Hedrich&#187; typed_list=&#187;%5B%7B%7D%5D&#187; font_size=&#187;lg:32&#8243; css=&#187;.vc_custom_1631089228560{padding-bottom: 20px !important;}&#187; line_height=&#187;1&#8243;][tm_heading tag=&#187;div&#187; custom_google_font=&#187;&#187; text=&#187;Zum Aufgabengebiet unserer erfahrenen Werkzeugmacher geh\u00f6rt sowohl der Bau als auch die Wartung und Instandsetzung von Stanz- und Folgeverbundwerkzeugen. Das Erodieren, Fr\u00e4sen, Drehen, Schleifen, Bohren etc. wird in unserem Hause durchgef\u00fchrt. Die von uns gefertigten Werkzeuge werden in unserem eigenen Stanzwerk bemustert um eine auftragsgem\u00e4\u00dfe Auslieferung gew\u00e4hrleisten zu k\u00f6nnen.&#187; typed_list=&#187;%5B%7B%7D%5D&#187; css=&#187;.vc_custom_1631089250328{margin-bottom: 0px !important;}&#187;][\/vc_column][\/vc_row][vc_row lg_spacing=&#187;margin_bottom:30&#8243;][vc_column width=&#187;1\/2&#8243;][vc_single_image image=&#187;1801&#8243; img_size=&#187;570&#215;570&#8243;][\/vc_column][vc_column width=&#187;1\/2&#8243;][tm_heading custom_google_font=&#187;&#187; text=&#187;Vertragsleistungen&#187; typed_list=&#187;%5B%7B%7D%5D&#187; font_size=&#187;lg:24&#8243; css=&#187;.vc_custom_1635926159424{padding-bottom: 20px !important;}&#187; line_height=&#187;1&#8243;][vc_column_text]Durch den angeschlossenen Werkzeugbau bleiben die Wege bei uns kurz. Die Werkzeuge sind optimal f\u00fcr unsere Maschinen ausgelegt und werden nach jeder Produktion gewartet, damit Sie immer sofort einsatzbereit sind.<\/p>\n<p><strong>Ihre Vorteile:<\/strong>[\/vc_column_text][tm_list marker_color=&#187;secondary_color&#187; icon_type=&#187;fontawesome&#187; icon_fontawesome=&#187;far fa-arrow-alt-circle-right&#187; item_style=&#187;&#187; style=&#187;&#187; items=&#187;%5B%7B%22item_title%22%3A%22Schnellstm%C3%B6gliche%20Herstellung%20oder%20auch%20Reparatur%20von%20Werkzeugen%22%2C%22link%22%3A%22%7C%7C%7C%22%2C%22icon_fontawesome%22%3A%22fa%20fa-adjust%22%2C%22icon_pe7stroke%22%3A%22pe-7s-album%22%2C%22icon_linea%22%3A%22icon-basic-accelerator%22%7D%2C%7B%22item_title%22%3A%22Immer%20einsatzbereite%20Werkzeuge%22%2C%22icon_fontawesome%22%3A%22fa%20fa-adjust%22%2C%22icon_pe7stroke%22%3A%22pe-7s-album%22%2C%22icon_linea%22%3A%22icon-basic-accelerator%22%7D%2C%7B%22item_title%22%3A%22Optimale%20Wartung%20durch%20erfahrenen%20Werkzeugmacher%22%2C%22icon_fontawesome%22%3A%22fa%20fa-adjust%22%2C%22icon_pe7stroke%22%3A%22pe-7s-album%22%2C%22icon_linea%22%3A%22icon-basic-accelerator%22%7D%5D&#187;][\/vc_column][\/vc_row][vc_row][vc_column][vc_empty_space][\/vc_column][\/vc_row]<\/p>\n","protected":false},"excerpt":{"rendered":"[vc_row lg_spacing=&#187;margin_bottom:35&#8243;][vc_column][tm_slider image_size=&#187;full&#187; nav=&#187;3&#8243; pagination=&#187;2&#8243; gutter=&#187;30&#8243; items_display=&#187;xs:1;sm:1;md:1;lg:1&#8243; items=&#187;%5B%7B%22image%22%3A%221773%22%2C%22link%22%3A%22Link%22%7D%2C%7B%22image%22%3A%221797%22%2C%22link%22%3A%22Link%22%7D%2C%7B%22image%22%3A%221799%22%2C%22link%22%3A%22Link%22%7D%2C%7B%22image%22%3A%221796%22%2C%22link%22%3A%22Link%22%7D%5D&#187;][\/vc_column][\/vc_row][vc_row lg_spacing=&#187;margin_bottom:50&#8243;][vc_column][tm_heading custom_google_font=&#187;&#187; text=&#187;Werkzeuge aus dem Hause Hedrich&#187; typed_list=&#187;%5B%7B%7D%5D&#187; font_size=&#187;lg:32&#8243; css=&#187;.vc_custom_1631089228560{padding-bottom: 20px !important;}&#187; line_height=&#187;1&#8243;][tm_heading tag=&#187;div&#187; custom_google_font=&#187;&#187; text=&#187;Zum Aufgabengebiet unserer erfahrenen Werkzeugmacher geh\u00f6rt sowohl der Bau als auch die Wartung und Instandsetzung von Stanz- und Folgeverbundwerkzeugen. Das Erodieren, Fr\u00e4sen, Drehen, Schleifen, Bohren etc. wird in unserem Hause durchgef\u00fchrt. Die von uns gefertigten Werkzeuge werden in unserem eigenen Stanzwerk bemustert um eine auftragsgem\u00e4\u00dfe Auslieferung gew\u00e4hrleisten zu k\u00f6nnen.&#187; typed_list=&#187;%5B%7B%7D%5D&#187; css=&#187;.vc_custom_1631089250328{margin-bottom: 0px !important;}&#187;][\/vc_column][\/vc_row][vc_row lg_spacing=&#187;margin_bottom:30&#8243;][vc_column width=&#187;1\/2&#8243;][vc_single_image image=&#187;1801&#8243; img_size=&#187;570&#215;570&#8243;][\/vc_column][vc_column width=&#187;1\/2&#8243;][tm_heading custom_google_font=&#187;&#187; text=&#187;Vertragsleistungen&#187; typed_list=&#187;%5B%7B%7D%5D&#187; font_size=&#187;lg:24&#8243; css=&#187;.vc_custom_1635926159424{padding-bottom: 20px !important;}&#187; line_height=&#187;1&#8243;][vc_column_text]Durch den angeschlossenen Werkzeugbau bleiben die Wege bei uns kurz. Die Werkzeuge sind optimal f\u00fcr unsere Maschinen ausgelegt und werden nach jeder Produktion gewartet, damit Sie immer sofort einsatzbereit sind. Ihre Vorteile:[\/vc_column_text][tm_list marker_color=&#187;secondary_color&#187; icon_type=&#187;fontawesome&#187; icon_fontawesome=&#187;far fa-arrow-alt-circle-right&#187; item_style=&#187;&#187; style=&#187;&#187; items=&#187;%5B%7B%22item_title%22%3A%22Schnellstm%C3%B6gliche%20Herstellung%20oder%20auch%20Reparatur%20von%20Werkzeugen%22%2C%22link%22%3A%22%7C%7C%7C%22%2C%22icon_fontawesome%22%3A%22fa%20fa-adjust%22%2C%22icon_pe7stroke%22%3A%22pe-7s-album%22%2C%22icon_linea%22%3A%22icon-basic-accelerator%22%7D%2C%7B%22item_title%22%3A%22Immer%20einsatzbereite%20Werkzeuge%22%2C%22icon_fontawesome%22%3A%22fa%20fa-adjust%22%2C%22icon_pe7stroke%22%3A%22pe-7s-album%22%2C%22icon_linea%22%3A%22icon-basic-accelerator%22%7D%2C%7B%22item_title%22%3A%22Optimale%20Wartung%20durch%20erfahrenen%20Werkzeugmacher%22%2C%22icon_fontawesome%22%3A%22fa%20fa-adjust%22%2C%22icon_pe7stroke%22%3A%22pe-7s-album%22%2C%22icon_linea%22%3A%22icon-basic-accelerator%22%7D%5D&#187;][\/vc_column][\/vc_row][vc_row][vc_column][vc_empty_space][\/vc_column][\/vc_row]","protected":false},"author":4,"featured_media":0,"parent":664,"menu_order":0,"comment_status":"closed","ping_status":"closed","template":"","meta":[],"_links":{"self":[{"href":"https:\/\/hedrich.net\/start\/wp-json\/wp\/v2\/pages\/675"}],"collection":[{"href":"https:\/\/hedrich.net\/start\/wp-json\/wp\/v2\/pages"}],"about":[{"href":"https:\/\/hedrich.net\/start\/wp-json\/wp\/v2\/types\/page"}],"author":[{"embeddable":true,"href":"https:\/\/hedrich.net\/start\/wp-json\/wp\/v2\/users\/4"}],"replies":[{"embeddable":true,"href":"https:\/\/hedrich.net\/start\/wp-json\/wp\/v2\/comments?post=675"}],"version-history":[{"count":17,"href":"https:\/\/hedrich.net\/start\/wp-json\/wp\/v2\/pages\/675\/revisions"}],"predecessor-version":[{"id":1965,"href":"https:\/\/hedrich.net\/start\/wp-json\/wp\/v2\/pages\/675\/revisions\/1965"}],"up":[{"embeddable":true,"href":"https:\/\/hedrich.net\/start\/wp-json\/wp\/v2\/pages\/664"}],"wp:attachment":[{"href":"https:\/\/hedrich.net\/start\/wp-json\/wp\/v2\/media?parent=675"}],"curies":[{"name":"wp","href":"https:\/\/api.w.org\/{rel}","templated":true}]}}