{"id":666,"date":"2017-10-17T08:42:25","date_gmt":"2017-10-17T08:42:25","guid":{"rendered":"https:\/\/hedrich.net\/start\/?page_id=666"},"modified":"2021-11-04T18:37:52","modified_gmt":"2021-11-04T11:37:52","slug":"stanztechnik-2","status":"publish","type":"page","link":"https:\/\/hedrich.net\/start\/leistungen\/stanztechnik-2\/","title":{"rendered":"Stanztechnik"},"content":{"rendered":"<p>[vc_row lg_spacing=&#187;margin_bottom:35&#8243;][vc_column][tm_slider image_size=&#187;full&#187; nav=&#187;3&#8243; pagination=&#187;2&#8243; gutter=&#187;30&#8243; items_display=&#187;xs:1;sm:1;md:1;lg:1&#8243; items=&#187;%5B%7B%22image%22%3A%221794%22%2C%22link%22%3A%22Link%22%7D%2C%7B%22image%22%3A%221793%22%2C%22link%22%3A%22Link%22%7D%2C%7B%22image%22%3A%221792%22%2C%22link%22%3A%22Link%22%7D%2C%7B%22image%22%3A%221791%22%2C%22link%22%3A%22Link%22%7D%2C%7B%22image%22%3A%221790%22%2C%22link%22%3A%22Link%22%7D%2C%7B%22image%22%3A%221789%22%2C%22link%22%3A%22Link%22%7D%2C%7B%22image%22%3A%221788%22%2C%22link%22%3A%22Link%22%7D%2C%7B%22image%22%3A%221787%22%2C%22link%22%3A%22Link%22%7D%2C%7B%22image%22%3A%221786%22%2C%22link%22%3A%22Link%22%7D%2C%7B%22image%22%3A%221785%22%2C%22link%22%3A%22Link%22%7D%5D&#187;][\/vc_column][\/vc_row][vc_row lg_spacing=&#187;margin_bottom:50&#8243;][vc_column][tm_heading custom_google_font=&#187;&#187; text_color=&#187;secondary_color&#187; text=&#187;Hochwertiger Maschinenpark&#187; typed_list=&#187;%5B%7B%7D%5D&#187; font_size=&#187;lg:32&#8243; css=&#187;.vc_custom_1636024954169{padding-bottom: 20px !important;}&#187; line_height=&#187;1&#8243;][vc_column_text]Um unseren Anspruch an h\u00f6chstm\u00f6glicher Qualit\u00e4t unsere Produkte f\u00fcr unsere Kunden gerecht zu werden, setzen wir zuverl\u00e4ssige Exzenterpressen, \u00fcberwiegend aus dem Hause Schuler ein.<\/p>\n<p>Besonders stolz sind wir auf unsere besonders hochwertigen Beutler-C-Pressen aus der noch komplett in der Schweiz gefertigten C-Flexiline-Linie (C-1000 und C-630).<\/p>\n<p><strong>Wir sind in der Lage mit bis zu 100 t Presskraft und bis zu 150 H\u00fcben\/Minute zu fertigen.<\/strong><br \/>\nDurch das integrierte Seitenvorgelege stehen auch bei niedriger Drehzahl volle 100 t Presskraft zur Verf\u00fcgung. Dies erm\u00f6glicht das Ziehen von Bauteilen.<\/p>\n<p>Schnelles Umr\u00fcsten auf andere Produkte zeichnet diesen Maschinentyp aus.<br \/>\nMit unseren Abwickelhaspeln und Walzenvorschubger\u00e4ten steht einer qualitativ hochwertigen und kosteng\u00fcnstigen Serienproduktion nichts im Wege. Vormaterial bis zu einer Bandbreite von 300 mm und einer Bandst\u00e4rke von 4 mm sind auf unseren Anlagen m\u00f6glich.[\/vc_column_text][\/vc_column][\/vc_row][vc_row lg_spacing=&#187;margin_bottom:30&#8243;][vc_column width=&#187;1\/2&#8243;][vc_single_image image=&#187;1795&#8243; img_size=&#187;570&#215;570&#8243;][\/vc_column][vc_column width=&#187;1\/2&#8243;][tm_heading custom_google_font=&#187;&#187; text=&#187;Kleinserien &#8211; kein Problem!&#187; typed_list=&#187;%5B%7B%7D%5D&#187; font_size=&#187;lg:24&#8243; css=&#187;.vc_custom_1631085957046{padding-bottom: 20px !important;}&#187; line_height=&#187;1&#8243;][vc_column_text]Bei kleineren Serien arbeiten wir vorwiegend mit C-Gestellpressen des deutschen Herstellers Schuler. Hier werden u. a. Einlegearbeiten, wie z.B. Nieten, Biegen, Planieren, bewerkstelligt.<\/p>\n<p><strong>Ihre Vorteile:<\/strong>[\/vc_column_text][tm_list marker_color=&#187;secondary_color&#187; icon_type=&#187;fontawesome&#187; icon_fontawesome=&#187;far fa-arrow-alt-circle-right&#187; item_style=&#187;&#187; style=&#187;&#187; items=&#187;%5B%7B%22item_title%22%3A%22ISO%209001%3A2015%20zertifiziert%22%2C%22link%22%3A%22%7C%7C%7C%22%2C%22icon_fontawesome%22%3A%22fa%20fa-adjust%22%2C%22icon_pe7stroke%22%3A%22pe-7s-album%22%2C%22icon_linea%22%3A%22icon-basic-accelerator%22%7D%2C%7B%22item_title%22%3A%22Seit%201947%20Erfahrung%20in%20der%20Stanztechnik%22%2C%22icon_fontawesome%22%3A%22fa%20fa-adjust%22%2C%22icon_pe7stroke%22%3A%22pe-7s-album%22%2C%22icon_linea%22%3A%22icon-basic-accelerator%22%7D%2C%7B%22item_title%22%3A%22Angeschlossener%20Werkzeugbau%22%2C%22icon_fontawesome%22%3A%22fa%20fa-adjust%22%2C%22icon_pe7stroke%22%3A%22pe-7s-album%22%2C%22icon_linea%22%3A%22icon-basic-accelerator%22%7D%2C%7B%22item_title%22%3A%22Breites%20Spektrum%20an%20hochwertigen%20Exzenterpressen%22%2C%22icon_fontawesome%22%3A%22fa%20fa-adjust%22%2C%22icon_pe7stroke%22%3A%22pe-7s-album%22%2C%22icon_linea%22%3A%22icon-basic-accelerator%22%7D%2C%7B%22item_title%22%3A%22Von%20Gro%C3%9F-%20bis%20Kleinserie%22%2C%22icon_fontawesome%22%3A%22fa%20fa-adjust%22%2C%22icon_pe7stroke%22%3A%22pe-7s-album%22%2C%22icon_linea%22%3A%22icon-basic-accelerator%22%7D%5D&#187;][\/vc_column][\/vc_row][vc_row][vc_column][vc_empty_space][\/vc_column][\/vc_row]<\/p>\n","protected":false},"excerpt":{"rendered":"[vc_row lg_spacing=&#187;margin_bottom:35&#8243;][vc_column][tm_slider image_size=&#187;full&#187; nav=&#187;3&#8243; pagination=&#187;2&#8243; gutter=&#187;30&#8243; items_display=&#187;xs:1;sm:1;md:1;lg:1&#8243; items=&#187;%5B%7B%22image%22%3A%221794%22%2C%22link%22%3A%22Link%22%7D%2C%7B%22image%22%3A%221793%22%2C%22link%22%3A%22Link%22%7D%2C%7B%22image%22%3A%221792%22%2C%22link%22%3A%22Link%22%7D%2C%7B%22image%22%3A%221791%22%2C%22link%22%3A%22Link%22%7D%2C%7B%22image%22%3A%221790%22%2C%22link%22%3A%22Link%22%7D%2C%7B%22image%22%3A%221789%22%2C%22link%22%3A%22Link%22%7D%2C%7B%22image%22%3A%221788%22%2C%22link%22%3A%22Link%22%7D%2C%7B%22image%22%3A%221787%22%2C%22link%22%3A%22Link%22%7D%2C%7B%22image%22%3A%221786%22%2C%22link%22%3A%22Link%22%7D%2C%7B%22image%22%3A%221785%22%2C%22link%22%3A%22Link%22%7D%5D&#187;][\/vc_column][\/vc_row][vc_row lg_spacing=&#187;margin_bottom:50&#8243;][vc_column][tm_heading custom_google_font=&#187;&#187; text_color=&#187;secondary_color&#187; text=&#187;Hochwertiger Maschinenpark&#187; typed_list=&#187;%5B%7B%7D%5D&#187; font_size=&#187;lg:32&#8243; css=&#187;.vc_custom_1636024954169{padding-bottom: 20px !important;}&#187; line_height=&#187;1&#8243;][vc_column_text]Um unseren Anspruch an h\u00f6chstm\u00f6glicher Qualit\u00e4t unsere Produkte f\u00fcr unsere Kunden gerecht zu werden, setzen wir zuverl\u00e4ssige Exzenterpressen, \u00fcberwiegend aus dem Hause Schuler ein. Besonders stolz sind wir auf unsere besonders hochwertigen Beutler-C-Pressen aus der noch komplett in der Schweiz gefertigten C-Flexiline-Linie (C-1000 und C-630). Wir sind in der Lage mit bis zu 100 t Presskraft und bis zu 150 H\u00fcben\/Minute zu fertigen. Durch das integrierte Seitenvorgelege stehen auch bei niedriger Drehzahl volle 100 t Presskraft zur Verf\u00fcgung. Dies erm\u00f6glicht das Ziehen von Bauteilen. Schnelles Umr\u00fcsten auf andere Produkte zeichnet diesen Maschinentyp aus. Mit unseren Abwickelhaspeln und Walzenvorschubger\u00e4ten steht einer qualitativ hochwertigen und kosteng\u00fcnstigen Serienproduktion nichts im Wege. Vormaterial bis zu einer Bandbreite von 300 mm und einer Bandst\u00e4rke von 4 mm sind auf unseren Anlagen m\u00f6glich.[\/vc_column_text][\/vc_column][\/vc_row][vc_row lg_spacing=&#187;margin_bottom:30&#8243;][vc_column width=&#187;1\/2&#8243;][vc_single_image image=&#187;1795&#8243; img_size=&#187;570&#215;570&#8243;][\/vc_column][vc_column width=&#187;1\/2&#8243;][tm_heading custom_google_font=&#187;&#187; text=&#187;Kleinserien &#8211; kein Problem!&#187; typed_list=&#187;%5B%7B%7D%5D&#187; font_size=&#187;lg:24&#8243; css=&#187;.vc_custom_1631085957046{padding-bottom: 20px !important;}&#187; line_height=&#187;1&#8243;][vc_column_text]Bei kleineren Serien arbeiten wir vorwiegend mit C-Gestellpressen des deutschen Herstellers Schuler. Hier werden u. a. Einlegearbeiten, wie z.B. Nieten, Biegen, Planieren, bewerkstelligt. Ihre Vorteile:[\/vc_column_text][tm_list marker_color=&#187;secondary_color&#187; icon_type=&#187;fontawesome&#187; icon_fontawesome=&#187;far fa-arrow-alt-circle-right&#187; item_style=&#187;&#187; style=&#187;&#187; items=&#187;%5B%7B%22item_title%22%3A%22ISO%209001%3A2015%20zertifiziert%22%2C%22link%22%3A%22%7C%7C%7C%22%2C%22icon_fontawesome%22%3A%22fa%20fa-adjust%22%2C%22icon_pe7stroke%22%3A%22pe-7s-album%22%2C%22icon_linea%22%3A%22icon-basic-accelerator%22%7D%2C%7B%22item_title%22%3A%22Seit%201947%20Erfahrung%20in%20der%20Stanztechnik%22%2C%22icon_fontawesome%22%3A%22fa%20fa-adjust%22%2C%22icon_pe7stroke%22%3A%22pe-7s-album%22%2C%22icon_linea%22%3A%22icon-basic-accelerator%22%7D%2C%7B%22item_title%22%3A%22Angeschlossener%20Werkzeugbau%22%2C%22icon_fontawesome%22%3A%22fa%20fa-adjust%22%2C%22icon_pe7stroke%22%3A%22pe-7s-album%22%2C%22icon_linea%22%3A%22icon-basic-accelerator%22%7D%2C%7B%22item_title%22%3A%22Breites%20Spektrum%20an%20hochwertigen%20Exzenterpressen%22%2C%22icon_fontawesome%22%3A%22fa%20fa-adjust%22%2C%22icon_pe7stroke%22%3A%22pe-7s-album%22%2C%22icon_linea%22%3A%22icon-basic-accelerator%22%7D%2C%7B%22item_title%22%3A%22Von%20Gro%C3%9F-%20bis%20Kleinserie%22%2C%22icon_fontawesome%22%3A%22fa%20fa-adjust%22%2C%22icon_pe7stroke%22%3A%22pe-7s-album%22%2C%22icon_linea%22%3A%22icon-basic-accelerator%22%7D%5D&#187;][\/vc_column][\/vc_row][vc_row][vc_column][vc_empty_space][\/vc_column][\/vc_row]","protected":false},"author":4,"featured_media":0,"parent":664,"menu_order":0,"comment_status":"closed","ping_status":"closed","template":"","meta":[],"_links":{"self":[{"href":"https:\/\/hedrich.net\/start\/wp-json\/wp\/v2\/pages\/666"}],"collection":[{"href":"https:\/\/hedrich.net\/start\/wp-json\/wp\/v2\/pages"}],"about":[{"href":"https:\/\/hedrich.net\/start\/wp-json\/wp\/v2\/types\/page"}],"author":[{"embeddable":true,"href":"https:\/\/hedrich.net\/start\/wp-json\/wp\/v2\/users\/4"}],"replies":[{"embeddable":true,"href":"https:\/\/hedrich.net\/start\/wp-json\/wp\/v2\/comments?post=666"}],"version-history":[{"count":34,"href":"https:\/\/hedrich.net\/start\/wp-json\/wp\/v2\/pages\/666\/revisions"}],"predecessor-version":[{"id":2012,"href":"https:\/\/hedrich.net\/start\/wp-json\/wp\/v2\/pages\/666\/revisions\/2012"}],"up":[{"embeddable":true,"href":"https:\/\/hedrich.net\/start\/wp-json\/wp\/v2\/pages\/664"}],"wp:attachment":[{"href":"https:\/\/hedrich.net\/start\/wp-json\/wp\/v2\/media?parent=666"}],"curies":[{"name":"wp","href":"https:\/\/api.w.org\/{rel}","templated":true}]}}