{"id":503,"date":"2017-10-12T09:07:06","date_gmt":"2017-10-12T09:07:06","guid":{"rendered":"https:\/\/hedrich.net\/start\/?page_id=503"},"modified":"2024-10-01T15:49:52","modified_gmt":"2024-10-01T08:49:52","slug":"ueber-uns","status":"publish","type":"page","link":"https:\/\/hedrich.net\/start\/ueber-uns\/","title":{"rendered":"\u00dcber uns"},"content":{"rendered":"<p>[vc_row lg_spacing=&#187;padding_top:100;padding_bottom:40&#8243;][vc_column width=&#187;5\/6&#8243;][tm_heading custom_google_font=&#187;&#187; text_color=&#187;secondary_color&#187; text=&#187;Unser Motto&#187; typed_list=&#187;%5B%7B%7D%5D&#187; font_size=&#187;lg:20&#8243; css=&#187;.vc_custom_1630938585364{margin-bottom: 15px !important;}&#187;][tm_heading custom_google_font=&#187;&#187; text_color=&#187;primary_color&#187; text=&#187;H\u00f6chste Qualit\u00e4tsarbeit, die Ihren Erwartungen entspricht.&#187; typed_list=&#187;%5B%7B%7D%5D&#187; font_size=&#187;lg:36&#8243; line_height=&#187;1.2&#8243; css=&#187;.vc_custom_1630938595409{margin-bottom: 35px !important;}&#187;][tm_heading tag=&#187;div&#187; custom_google_font=&#187;&#187; text=&#187;Unser hochmoderner Maschinenpark und unsere hochqualifizierten, engagierten Mitarbeiter sind die Basis unseres Erfolges. Qualit\u00e4t steht bei uns an erster Stelle \u2013 sowohl in der Produktion als auch im Umgang mit unseren Partnern.<\/p>\n<p>Zudem achten wir stets darauf, unsere Umweltbelastung so gering wie m\u00f6glich zu halten, um k\u00fcnftigen Generationen eine lebenswerte Zukunft zu sichern. So produzieren wir ausschlie\u00dflich mit Strom aus regenerativen Quellen und reduzieren den Einsatz von Heiz\u00f6l durch den Einsatz hocheffizienter wasserf\u00fchrender \u00d6fen in unserer Produktionshalle.<\/p>\n<p>Unser Erfolg beruht auf der herausragenden Qualit\u00e4t unserer Produkte, der engen Zusammenarbeit mit Kunden und Lieferanten sowie unserer au\u00dfergew\u00f6hnlichen Flexibilit\u00e4t.&#187; typed_list=&#187;%5B%7B%7D%5D&#187; css=&#187;.vc_custom_1727772547322{margin-bottom: 15px !important;}&#187;][tm_heading tag=&#187;div&#187; custom_google_font=&#187;&#187; text=&#187;Unser Erfolg beruht sowohl auf der Qualit\u00e4t unserer Produkte, der engen Zusammenarbeit mit Kunden und Lieferanten, und vor allem unserer absoluten Flexibilit\u00e4t.&#187; typed_list=&#187;%5B%7B%7D%5D&#187; css=&#187;.vc_custom_1630938728768{margin-bottom: 15px !important;}&#187;][vc_separator][\/vc_column][vc_column width=&#187;1\/6&#8243;][vc_empty_space][\/vc_column][\/vc_row][vc_row lg_spacing=&#187;padding_top:30;padding_bottom:40&#8243;][vc_column][tm_heading custom_google_font=&#187;&#187; text_color=&#187;secondary_color&#187; text=&#187;Ihre Ansprechpartner&#187; typed_list=&#187;%5B%7B%7D%5D&#187; font_size=&#187;lg:20&#8243; css=&#187;.vc_custom_1630939051422{margin-bottom: 15px !important;}&#187;][tm_heading tag=&#187;h2&#8243; custom_google_font=&#187;&#187; text_color=&#187;primary_color&#187; text=&#187;Das Team im Frontoffice&#187; typed_list=&#187;%5B%7B%7D%5D&#187; font_size=&#187;lg:36&#8243; line_height=&#187;1.2&#8243; css=&#187;.vc_custom_1630939109346{margin-bottom: 20px !important;}&#187;][\/vc_column][\/vc_row][vc_row full_width=&#187;stretch_row&#187; content_placement=&#187;middle&#187;][vc_column width=&#187;1\/2&#8243; xs_spacing=&#187;margin_bottom:30&#8243; lg_spacing=&#187;padding_right:40&#8243;][tm_team_member photo=&#187;1661&#8243; name=&#187;Dipl.-Kfm. Kai Hedrich&#187; position=&#187;Gesch\u00e4ftsf\u00fchrer&#187; social_networks=&#187;%5B%7B%7D%5D&#187;][vc_column_text css=&#187;.vc_custom_1630939855522{padding-top: -30px !important;}&#187;]<strong>Kontakt<\/strong>:<br \/>\nTel.: 040 &#8211; 83 06 532<br \/>\nFax: 040 &#8211; 83 01 211<br \/>\nE-Mail: k.hedrich@hedrich.net[\/vc_column_text][\/vc_column][vc_column width=&#187;1\/2&#8243;][tm_team_member photo=&#187;1662&#8243; name=&#187;Beate Pepperrell&#187; position=&#187;Assistenz der Gesch\u00e4ftsleitung&#187; social_networks=&#187;%5B%7B%7D%5D&#187;][vc_column_text]<strong>Kontakt<\/strong>:<br \/>\nTel.: 040 &#8211; 83 06 532<br \/>\nFax: 040 &#8211; 83 01 211<br \/>\nE-Mail: pepperrell@hedrich.net[\/vc_column_text][\/vc_column][\/vc_row][vc_row][vc_column][vc_empty_space][\/vc_column][\/vc_row]<\/p>\n","protected":false},"excerpt":{"rendered":"[vc_row lg_spacing=&#187;padding_top:100;padding_bottom:40&#8243;][vc_column width=&#187;5\/6&#8243;][tm_heading custom_google_font=&#187;&#187; text_color=&#187;secondary_color&#187; text=&#187;Unser Motto&#187; typed_list=&#187;%5B%7B%7D%5D&#187; font_size=&#187;lg:20&#8243; css=&#187;.vc_custom_1630938585364{margin-bottom: 15px !important;}&#187;][tm_heading custom_google_font=&#187;&#187; text_color=&#187;primary_color&#187; text=&#187;H\u00f6chste Qualit\u00e4tsarbeit, die Ihren Erwartungen entspricht.&#187; typed_list=&#187;%5B%7B%7D%5D&#187; font_size=&#187;lg:36&#8243; line_height=&#187;1.2&#8243; css=&#187;.vc_custom_1630938595409{margin-bottom: 35px !important;}&#187;][tm_heading tag=&#187;div&#187; custom_google_font=&#187;&#187; text=&#187;Unser hochmoderner Maschinenpark und unsere hochqualifizierten, engagierten Mitarbeiter sind die Basis unseres Erfolges. Qualit\u00e4t steht bei uns an erster Stelle \u2013 sowohl in der Produktion als auch im Umgang mit unseren Partnern. Zudem achten wir stets darauf, unsere Umweltbelastung so gering wie m\u00f6glich zu halten, um k\u00fcnftigen Generationen eine lebenswerte Zukunft zu sichern. So produzieren wir ausschlie\u00dflich mit Strom aus regenerativen Quellen und reduzieren den Einsatz von Heiz\u00f6l durch den Einsatz hocheffizienter wasserf\u00fchrender \u00d6fen in unserer Produktionshalle. Unser Erfolg beruht auf der herausragenden Qualit\u00e4t unserer Produkte, der engen Zusammenarbeit mit Kunden und Lieferanten sowie unserer au\u00dfergew\u00f6hnlichen Flexibilit\u00e4t.&#187; typed_list=&#187;%5B%7B%7D%5D&#187; css=&#187;.vc_custom_1727772547322{margin-bottom: 15px !important;}&#187;][tm_heading tag=&#187;div&#187; custom_google_font=&#187;&#187; text=&#187;Unser Erfolg beruht sowohl auf der Qualit\u00e4t unserer Produkte, der engen Zusammenarbeit mit Kunden und Lieferanten, und vor allem unserer absoluten Flexibilit\u00e4t.&#187; typed_list=&#187;%5B%7B%7D%5D&#187; css=&#187;.vc_custom_1630938728768{margin-bottom: 15px !important;}&#187;][vc_separator][\/vc_column][vc_column width=&#187;1\/6&#8243;][vc_empty_space][\/vc_column][\/vc_row][vc_row lg_spacing=&#187;padding_top:30;padding_bottom:40&#8243;][vc_column][tm_heading custom_google_font=&#187;&#187; text_color=&#187;secondary_color&#187; text=&#187;Ihre Ansprechpartner&#187; typed_list=&#187;%5B%7B%7D%5D&#187; font_size=&#187;lg:20&#8243; css=&#187;.vc_custom_1630939051422{margin-bottom: 15px !important;}&#187;][tm_heading tag=&#187;h2&#8243; custom_google_font=&#187;&#187; text_color=&#187;primary_color&#187; text=&#187;Das Team im Frontoffice&#187; typed_list=&#187;%5B%7B%7D%5D&#187; font_size=&#187;lg:36&#8243; line_height=&#187;1.2&#8243; css=&#187;.vc_custom_1630939109346{margin-bottom: 20px !important;}&#187;][\/vc_column][\/vc_row][vc_row full_width=&#187;stretch_row&#187; content_placement=&#187;middle&#187;][vc_column width=&#187;1\/2&#8243; xs_spacing=&#187;margin_bottom:30&#8243; lg_spacing=&#187;padding_right:40&#8243;][tm_team_member photo=&#187;1661&#8243; name=&#187;Dipl.-Kfm. Kai Hedrich&#187; position=&#187;Gesch\u00e4ftsf\u00fchrer&#187; social_networks=&#187;%5B%7B%7D%5D&#187;][vc_column_text css=&#187;.vc_custom_1630939855522{padding-top: -30px !important;}&#187;]Kontakt: Tel.: 040 &#8211; 83 06 532 Fax: 040 &#8211; 83 01 211 E-Mail: k.hedrich@hedrich.net[\/vc_column_text][\/vc_column][vc_column width=&#187;1\/2&#8243;][tm_team_member photo=&#187;1662&#8243; name=&#187;Beate Pepperrell&#187; position=&#187;Assistenz der Gesch\u00e4ftsleitung&#187; social_networks=&#187;%5B%7B%7D%5D&#187;][vc_column_text]Kontakt: Tel.: 040 &#8211; 83 06 532 Fax: 040 &#8211; 83 01 211 E-Mail: pepperrell@hedrich.net[\/vc_column_text][\/vc_column][\/vc_row][vc_row][vc_column][vc_empty_space][\/vc_column][\/vc_row]","protected":false},"author":4,"featured_media":0,"parent":0,"menu_order":0,"comment_status":"closed","ping_status":"closed","template":"","meta":[],"_links":{"self":[{"href":"https:\/\/hedrich.net\/start\/wp-json\/wp\/v2\/pages\/503"}],"collection":[{"href":"https:\/\/hedrich.net\/start\/wp-json\/wp\/v2\/pages"}],"about":[{"href":"https:\/\/hedrich.net\/start\/wp-json\/wp\/v2\/types\/page"}],"author":[{"embeddable":true,"href":"https:\/\/hedrich.net\/start\/wp-json\/wp\/v2\/users\/4"}],"replies":[{"embeddable":true,"href":"https:\/\/hedrich.net\/start\/wp-json\/wp\/v2\/comments?post=503"}],"version-history":[{"count":39,"href":"https:\/\/hedrich.net\/start\/wp-json\/wp\/v2\/pages\/503\/revisions"}],"predecessor-version":[{"id":2017,"href":"https:\/\/hedrich.net\/start\/wp-json\/wp\/v2\/pages\/503\/revisions\/2017"}],"wp:attachment":[{"href":"https:\/\/hedrich.net\/start\/wp-json\/wp\/v2\/media?parent=503"}],"curies":[{"name":"wp","href":"https:\/\/api.w.org\/{rel}","templated":true}]}}