{"id":1947,"date":"2021-11-02T20:56:14","date_gmt":"2021-11-02T13:56:14","guid":{"rendered":"https:\/\/hedrich.net\/start\/?page_id=1947"},"modified":"2021-11-04T17:36:52","modified_gmt":"2021-11-04T10:36:52","slug":"umwelt","status":"publish","type":"page","link":"https:\/\/hedrich.net\/start\/umwelt\/","title":{"rendered":"Umwelt"},"content":{"rendered":"<p>[vc_row lg_spacing=&#187;margin_bottom:30&#8243;][vc_column width=&#187;2\/3&#8243;][vc_custom_heading text=&#187;Die Umwelt liegt uns sehr am Herzen!&#187; font_container=&#187;tag:h2|text_align:left|color:%23004c65&#8243; use_theme_fonts=&#187;yes&#187;][vc_empty_space][vc_column_text]<strong>Der Klimawandel geht uns alle an!<\/strong><\/p>\n<p>Wir als Firma sehen uns in der Verantwortung mit den Mittel die wir nutzen k\u00f6nnen aktiv zum Thema Umweltschutz beizutragen. Hierf\u00fcr beziehen wir z.B. seit Jahren 100% \u00d6KO-STROM von der Firma Lichtblick. Wir bem\u00fchen uns aktiv Strom zu sparen, kurze Wege erledigen wir mit dem Rad, Stadtfahrten mit einem kleinen Elektroauto.<\/p>\n<p><strong>Weiter Ma\u00dfnahmen werden folgen.<\/strong>[\/vc_column_text][\/vc_column][vc_column width=&#187;1\/3&#8243;][vc_single_image image=&#187;1992&#8243; img_size=&#187;full&#187;][\/vc_column][\/vc_row]<\/p>\n","protected":false},"excerpt":{"rendered":"[vc_row lg_spacing=&#187;margin_bottom:30&#8243;][vc_column width=&#187;2\/3&#8243;][vc_custom_heading text=&#187;Die Umwelt liegt uns sehr am Herzen!&#187; font_container=&#187;tag:h2|text_align:left|color:%23004c65&#8243; use_theme_fonts=&#187;yes&#187;][vc_empty_space][vc_column_text]Der Klimawandel geht uns alle an! Wir als Firma sehen uns in der Verantwortung mit den Mittel die wir nutzen k\u00f6nnen aktiv zum Thema Umweltschutz beizutragen. Hierf\u00fcr beziehen wir z.B. seit Jahren 100% \u00d6KO-STROM von der Firma Lichtblick. Wir bem\u00fchen uns aktiv Strom zu sparen, kurze Wege erledigen wir mit dem Rad, Stadtfahrten mit einem kleinen Elektroauto. Weiter Ma\u00dfnahmen werden folgen.[\/vc_column_text][\/vc_column][vc_column width=&#187;1\/3&#8243;][vc_single_image image=&#187;1992&#8243; img_size=&#187;full&#187;][\/vc_column][\/vc_row]","protected":false},"author":4,"featured_media":0,"parent":0,"menu_order":0,"comment_status":"closed","ping_status":"closed","template":"","meta":[],"_links":{"self":[{"href":"https:\/\/hedrich.net\/start\/wp-json\/wp\/v2\/pages\/1947"}],"collection":[{"href":"https:\/\/hedrich.net\/start\/wp-json\/wp\/v2\/pages"}],"about":[{"href":"https:\/\/hedrich.net\/start\/wp-json\/wp\/v2\/types\/page"}],"author":[{"embeddable":true,"href":"https:\/\/hedrich.net\/start\/wp-json\/wp\/v2\/users\/4"}],"replies":[{"embeddable":true,"href":"https:\/\/hedrich.net\/start\/wp-json\/wp\/v2\/comments?post=1947"}],"version-history":[{"count":6,"href":"https:\/\/hedrich.net\/start\/wp-json\/wp\/v2\/pages\/1947\/revisions"}],"predecessor-version":[{"id":2006,"href":"https:\/\/hedrich.net\/start\/wp-json\/wp\/v2\/pages\/1947\/revisions\/2006"}],"wp:attachment":[{"href":"https:\/\/hedrich.net\/start\/wp-json\/wp\/v2\/media?parent=1947"}],"curies":[{"name":"wp","href":"https:\/\/api.w.org\/{rel}","templated":true}]}}