{"id":1824,"date":"2021-09-08T15:35:30","date_gmt":"2021-09-08T08:35:30","guid":{"rendered":"https:\/\/hedrich.net\/start\/?page_id=1824"},"modified":"2021-11-04T18:37:03","modified_gmt":"2021-11-04T11:37:03","slug":"metallsaegen","status":"publish","type":"page","link":"https:\/\/hedrich.net\/start\/leistungen\/metallsaegen\/","title":{"rendered":"Metalls\u00e4gen"},"content":{"rendered":"<p>[vc_row lg_spacing=&#187;margin_bottom:35&#8243;][vc_column][tm_slider image_size=&#187;full&#187; nav=&#187;3&#8243; pagination=&#187;2&#8243; gutter=&#187;30&#8243; items_display=&#187;xs:1;sm:1;md:1;lg:1&#8243; items=&#187;%5B%7B%22image%22%3A%221858%22%2C%22link%22%3A%22Link%22%7D%2C%7B%22image%22%3A%221859%22%2C%22link%22%3A%22Link%22%7D%2C%7B%22image%22%3A%221860%22%2C%22link%22%3A%22Link%22%7D%5D&#187;][\/vc_column][\/vc_row][vc_row lg_spacing=&#187;margin_bottom:50&#8243;][vc_column][tm_heading custom_google_font=&#187;&#187; text=&#187;Unsere Metalls\u00e4gerei besteht aus Kreis- und Bands\u00e4geautomaten.&#187; typed_list=&#187;%5B%7B%7D%5D&#187; font_size=&#187;lg:32&#8243; css=&#187;.vc_custom_1631092010952{padding-bottom: 20px !important;}&#187; line_height=&#187;1&#8243;][vc_column_text css_animation=&#187;top-to-bottom&#187;]<strong>Pr\u00e4zisionskreiss\u00e4geautomaten<\/strong><br \/>\nMit Hilfe unserer Kreiss\u00e4geautomaten vom Schweizer Hersteller Rohbi sind wir in der Lage, Rundrohre bzw. Rundmaterial bis zu einem Durchmesser von 60 mm und Vierkant-, Rechteck- bzw. Flachmaterial bis 80 x 40 mm gratarm mit einer S\u00e4getoleranz von +\/- 0,1 mm zu s\u00e4gen. Die maximale S\u00e4gel\u00e4nge betr\u00e4gt 1200 mm.<\/p>\n<p><strong>NC-Bands\u00e4geautomat<\/strong><br \/>\nMit unserem Bands\u00e4geautomat Meba Eco-Line 335A s\u00e4gen wir Materialien bis max. 335 mm Durchmesser. Die Siemens-Steuerung erm\u00f6glicht auch das Fertigen von komplexen S\u00e4geauftr\u00e4gen.[\/vc_column_text][\/vc_column][\/vc_row][vc_row lg_spacing=&#187;margin_bottom:30&#8243;][vc_column width=&#187;1\/2&#8243;][vc_single_image image=&#187;1862&#8243; img_size=&#187;570&#215;570&#8243;][\/vc_column][vc_column width=&#187;1\/2&#8243;][tm_heading custom_google_font=&#187;&#187; text=&#187;Ihre Vorteile im \u00dcberblick&#187; typed_list=&#187;%5B%7B%7D%5D&#187; font_size=&#187;lg:24&#8243; css=&#187;.vc_custom_1635927569227{padding-bottom: 20px !important;}&#187; line_height=&#187;1&#8243;][tm_list marker_color=&#187;secondary_color&#187; icon_type=&#187;fontawesome&#187; icon_fontawesome=&#187;far fa-arrow-alt-circle-right&#187; item_style=&#187;&#187; style=&#187;&#187; items=&#187;%5B%7B%22item_title%22%3A%22Gratarmes%20S%C3%A4gen%22%2C%22link%22%3A%22%7C%7C%7C%22%2C%22icon_pe7stroke%22%3A%22pe-7s-album%22%2C%22icon_linea%22%3A%22icon-basic-accelerator%22%7D%2C%7B%22item_title%22%3A%22H%C3%B6chste%20Pr%C3%A4zision%2C%20auf%20Wunsch%20mit%200%2C1mm%20Toleranz%22%2C%22icon_pe7stroke%22%3A%22pe-7s-album%22%2C%22icon_linea%22%3A%22icon-basic-accelerator%22%7D%2C%7B%22item_title%22%3A%22Konstante%20Qualit%C3%A4t%20durch%20stets%20scharfe%20Kreiss%C3%A4gebl%C3%A4tter%20-%20wir%20sch%C3%A4rfen%20selber!%22%2C%22icon_pe7stroke%22%3A%22pe-7s-album%22%2C%22icon_linea%22%3A%22icon-basic-accelerator%22%7D%2C%7B%22item_title%22%3A%22Unterschiedliche%20Maschinen%20f%C3%BCr%20Stahl%2FEdelstahl%20(HSS-S%C3%A4geblatt)%20und%20Kupfer%2FAluminium%20(Schnelll%C3%A4ufer%20mit%20Vollhartmetalls%C3%A4geblatt)%22%2C%22icon_pe7stroke%22%3A%22pe-7s-album%22%2C%22icon_linea%22%3A%22icon-basic-accelerator%22%7D%2C%7B%22item_title%22%3A%22Entgratung%20erfolgt%20im%20eigenen%20Haus%20mit%20Trommelentgrater%20oder%20Gleitschleifanlage%22%2C%22icon_pe7stroke%22%3A%22pe-7s-album%22%2C%22icon_linea%22%3A%22icon-basic-accelerator%22%7D%5D&#187;][\/vc_column][\/vc_row][vc_row][vc_column][vc_empty_space][\/vc_column][\/vc_row]<\/p>\n","protected":false},"excerpt":{"rendered":"[vc_row lg_spacing=&#187;margin_bottom:35&#8243;][vc_column][tm_slider image_size=&#187;full&#187; nav=&#187;3&#8243; pagination=&#187;2&#8243; gutter=&#187;30&#8243; items_display=&#187;xs:1;sm:1;md:1;lg:1&#8243; items=&#187;%5B%7B%22image%22%3A%221858%22%2C%22link%22%3A%22Link%22%7D%2C%7B%22image%22%3A%221859%22%2C%22link%22%3A%22Link%22%7D%2C%7B%22image%22%3A%221860%22%2C%22link%22%3A%22Link%22%7D%5D&#187;][\/vc_column][\/vc_row][vc_row lg_spacing=&#187;margin_bottom:50&#8243;][vc_column][tm_heading custom_google_font=&#187;&#187; text=&#187;Unsere Metalls\u00e4gerei besteht aus Kreis- und Bands\u00e4geautomaten.&#187; typed_list=&#187;%5B%7B%7D%5D&#187; font_size=&#187;lg:32&#8243; css=&#187;.vc_custom_1631092010952{padding-bottom: 20px !important;}&#187; line_height=&#187;1&#8243;][vc_column_text css_animation=&#187;top-to-bottom&#187;]Pr\u00e4zisionskreiss\u00e4geautomaten Mit Hilfe unserer Kreiss\u00e4geautomaten vom Schweizer Hersteller Rohbi sind wir in der Lage, Rundrohre bzw. Rundmaterial bis zu einem Durchmesser von 60 mm und Vierkant-, Rechteck- bzw. Flachmaterial bis 80 x 40 mm gratarm mit einer S\u00e4getoleranz von +\/- 0,1 mm zu s\u00e4gen. Die maximale S\u00e4gel\u00e4nge betr\u00e4gt 1200 mm. NC-Bands\u00e4geautomat Mit unserem Bands\u00e4geautomat Meba Eco-Line 335A s\u00e4gen wir Materialien bis max. 335 mm Durchmesser. Die Siemens-Steuerung erm\u00f6glicht auch das Fertigen von komplexen S\u00e4geauftr\u00e4gen.[\/vc_column_text][\/vc_column][\/vc_row][vc_row lg_spacing=&#187;margin_bottom:30&#8243;][vc_column width=&#187;1\/2&#8243;][vc_single_image image=&#187;1862&#8243; img_size=&#187;570&#215;570&#8243;][\/vc_column][vc_column width=&#187;1\/2&#8243;][tm_heading custom_google_font=&#187;&#187; text=&#187;Ihre Vorteile im \u00dcberblick&#187; typed_list=&#187;%5B%7B%7D%5D&#187; font_size=&#187;lg:24&#8243; css=&#187;.vc_custom_1635927569227{padding-bottom: 20px !important;}&#187; line_height=&#187;1&#8243;][tm_list marker_color=&#187;secondary_color&#187; icon_type=&#187;fontawesome&#187; icon_fontawesome=&#187;far fa-arrow-alt-circle-right&#187; item_style=&#187;&#187; style=&#187;&#187; items=&#187;%5B%7B%22item_title%22%3A%22Gratarmes%20S%C3%A4gen%22%2C%22link%22%3A%22%7C%7C%7C%22%2C%22icon_pe7stroke%22%3A%22pe-7s-album%22%2C%22icon_linea%22%3A%22icon-basic-accelerator%22%7D%2C%7B%22item_title%22%3A%22H%C3%B6chste%20Pr%C3%A4zision%2C%20auf%20Wunsch%20mit%200%2C1mm%20Toleranz%22%2C%22icon_pe7stroke%22%3A%22pe-7s-album%22%2C%22icon_linea%22%3A%22icon-basic-accelerator%22%7D%2C%7B%22item_title%22%3A%22Konstante%20Qualit%C3%A4t%20durch%20stets%20scharfe%20Kreiss%C3%A4gebl%C3%A4tter%20-%20wir%20sch%C3%A4rfen%20selber!%22%2C%22icon_pe7stroke%22%3A%22pe-7s-album%22%2C%22icon_linea%22%3A%22icon-basic-accelerator%22%7D%2C%7B%22item_title%22%3A%22Unterschiedliche%20Maschinen%20f%C3%BCr%20Stahl%2FEdelstahl%20(HSS-S%C3%A4geblatt)%20und%20Kupfer%2FAluminium%20(Schnelll%C3%A4ufer%20mit%20Vollhartmetalls%C3%A4geblatt)%22%2C%22icon_pe7stroke%22%3A%22pe-7s-album%22%2C%22icon_linea%22%3A%22icon-basic-accelerator%22%7D%2C%7B%22item_title%22%3A%22Entgratung%20erfolgt%20im%20eigenen%20Haus%20mit%20Trommelentgrater%20oder%20Gleitschleifanlage%22%2C%22icon_pe7stroke%22%3A%22pe-7s-album%22%2C%22icon_linea%22%3A%22icon-basic-accelerator%22%7D%5D&#187;][\/vc_column][\/vc_row][vc_row][vc_column][vc_empty_space][\/vc_column][\/vc_row]","protected":false},"author":4,"featured_media":0,"parent":664,"menu_order":0,"comment_status":"closed","ping_status":"closed","template":"","meta":[],"_links":{"self":[{"href":"https:\/\/hedrich.net\/start\/wp-json\/wp\/v2\/pages\/1824"}],"collection":[{"href":"https:\/\/hedrich.net\/start\/wp-json\/wp\/v2\/pages"}],"about":[{"href":"https:\/\/hedrich.net\/start\/wp-json\/wp\/v2\/types\/page"}],"author":[{"embeddable":true,"href":"https:\/\/hedrich.net\/start\/wp-json\/wp\/v2\/users\/4"}],"replies":[{"embeddable":true,"href":"https:\/\/hedrich.net\/start\/wp-json\/wp\/v2\/comments?post=1824"}],"version-history":[{"count":14,"href":"https:\/\/hedrich.net\/start\/wp-json\/wp\/v2\/pages\/1824\/revisions"}],"predecessor-version":[{"id":1936,"href":"https:\/\/hedrich.net\/start\/wp-json\/wp\/v2\/pages\/1824\/revisions\/1936"}],"up":[{"embeddable":true,"href":"https:\/\/hedrich.net\/start\/wp-json\/wp\/v2\/pages\/664"}],"wp:attachment":[{"href":"https:\/\/hedrich.net\/start\/wp-json\/wp\/v2\/media?parent=1824"}],"curies":[{"name":"wp","href":"https:\/\/api.w.org\/{rel}","templated":true}]}}