{"id":1536,"date":"2021-09-03T19:07:58","date_gmt":"2021-09-03T12:07:58","guid":{"rendered":"https:\/\/hedrich.net\/start\/?page_id=1536"},"modified":"2021-11-04T17:45:19","modified_gmt":"2021-11-04T10:45:19","slug":"impressum","status":"publish","type":"page","link":"https:\/\/hedrich.net\/start\/impressum\/","title":{"rendered":"Impressum"},"content":{"rendered":"<p>[vc_row lg_spacing=&#187;margin_bottom:30&#8243;][vc_column][tm_heading custom_google_font=&#187;&#187; text_color=&#187;secondary_color&#187; animation=&#187;fade-in&#187; text=&#187;Herausgeber&#187; typed_list=&#187;%5B%7B%7D%5D&#187;][vc_empty_space][vc_column_text]Inhaltlich Verantwortlicher gem\u00e4\u00df \u00a7 55 Abs. 2 RStV: Kai Hedrich<\/p>\n<p>Hans Hedrich GmbH<br \/>\nKai Hedrich<br \/>\n<a href=\"https:\/\/www.google.co.in\/maps\/place\/Blankeneser+Chaussee+175,+22869+Schenefeld,+Deutschland\/@53.58533,9.8205913,17z\/data=!3m1!4b1!4m5!3m4!1s0x47b183fa3bcaa7cd:0x7c71ae746ed35a96!8m2!3d53.58533!4d9.82278?hl=de\" target=\"_blank\" rel=\"noopener\">Blankeneser Chaussee 175<br \/>\n22869 Hamburg-Schenefeld<\/a><\/p>\n<p>Handelsregister: Pinneberg HRB 2003<br \/>\nUSt-IdNr. DE280192324<\/p>\n<p>Gesch\u00e4ftsf\u00fchrer Gesellschafter: Kai Hedrich<\/p>\n<p>Tel.: <a href=\"tel:+0408306532\">(0 40) 83 06 532<\/a><br \/>\nFax: <a href=\"tel:+0408301211\">(0 40) 83 01 211<\/a><br \/>\nE-Mail: <a href=\"mailto:info@hedrich.net\">info@hedrich.net<\/a><\/p>\n<p>Konzeption\/Programmierung: Cosmos solutions<br \/>\nBilder: Kai Hedrich<br \/>\nPflege der Webseite: Kai Hedrich<\/p>\n<p>Texte, Grafiken und Bilder sowie das Layout und Design des Internetauftrittes sind urheberrechtlich gesch\u00fctzt. Jede Nutzung bzw. Vervielf\u00e4ltigung bedarf der ausdr\u00fccklichen Genehmigung durch Kai Hedrich und Cosmos solutions. Eine Reproduktion bzw. Vervielf\u00e4ltigung der Internetseiten im Ganzen, in Teilen oder modifizierter Form ist grunds\u00e4tzlich untersagt. F\u00fcr Inhalte und Aussagen in den von uns gelinkten Seiten sind wir nicht verantwortlich, und in keiner Weise rechtlich zu belangen.[\/vc_column_text][\/vc_column][\/vc_row]<\/p>\n","protected":false},"excerpt":{"rendered":"[vc_row lg_spacing=&#187;margin_bottom:30&#8243;][vc_column][tm_heading custom_google_font=&#187;&#187; text_color=&#187;secondary_color&#187; animation=&#187;fade-in&#187; text=&#187;Herausgeber&#187; typed_list=&#187;%5B%7B%7D%5D&#187;][vc_empty_space][vc_column_text]Inhaltlich Verantwortlicher gem\u00e4\u00df \u00a7 55 Abs. 2 RStV: Kai Hedrich Hans Hedrich GmbH Kai Hedrich Blankeneser Chaussee 175 22869 Hamburg-Schenefeld Handelsregister: Pinneberg HRB 2003 USt-IdNr. DE280192324 Gesch\u00e4ftsf\u00fchrer Gesellschafter: Kai Hedrich Tel.: (0 40) 83 06 532 Fax: (0 40) 83 01 211 E-Mail: info@hedrich.net Konzeption\/Programmierung: Cosmos solutions Bilder: Kai Hedrich Pflege der Webseite: Kai Hedrich Texte, Grafiken und Bilder sowie das Layout und Design des Internetauftrittes sind urheberrechtlich gesch\u00fctzt. Jede Nutzung bzw. Vervielf\u00e4ltigung bedarf der ausdr\u00fccklichen Genehmigung durch Kai Hedrich und Cosmos solutions. Eine Reproduktion bzw. Vervielf\u00e4ltigung der Internetseiten im Ganzen, in Teilen oder modifizierter Form ist grunds\u00e4tzlich untersagt. F\u00fcr Inhalte und Aussagen in den von uns gelinkten Seiten sind wir nicht verantwortlich, und in keiner Weise rechtlich zu belangen.[\/vc_column_text][\/vc_column][\/vc_row]","protected":false},"author":4,"featured_media":0,"parent":0,"menu_order":0,"comment_status":"closed","ping_status":"closed","template":"","meta":[],"_links":{"self":[{"href":"https:\/\/hedrich.net\/start\/wp-json\/wp\/v2\/pages\/1536"}],"collection":[{"href":"https:\/\/hedrich.net\/start\/wp-json\/wp\/v2\/pages"}],"about":[{"href":"https:\/\/hedrich.net\/start\/wp-json\/wp\/v2\/types\/page"}],"author":[{"embeddable":true,"href":"https:\/\/hedrich.net\/start\/wp-json\/wp\/v2\/users\/4"}],"replies":[{"embeddable":true,"href":"https:\/\/hedrich.net\/start\/wp-json\/wp\/v2\/comments?post=1536"}],"version-history":[{"count":11,"href":"https:\/\/hedrich.net\/start\/wp-json\/wp\/v2\/pages\/1536\/revisions"}],"predecessor-version":[{"id":2010,"href":"https:\/\/hedrich.net\/start\/wp-json\/wp\/v2\/pages\/1536\/revisions\/2010"}],"wp:attachment":[{"href":"https:\/\/hedrich.net\/start\/wp-json\/wp\/v2\/media?parent=1536"}],"curies":[{"name":"wp","href":"https:\/\/api.w.org\/{rel}","templated":true}]}}